{"id":1619,"date":"2024-07-25T06:26:45","date_gmt":"2024-07-25T05:26:45","guid":{"rendered":"https:\/\/investicijski-projekti.com\/?page_id=1619"},"modified":"2024-07-25T06:30:18","modified_gmt":"2024-07-25T05:30:18","slug":"errata","status":"publish","type":"page","link":"https:\/\/investicijski-projekti.com\/index.php\/errata\/","title":{"rendered":"ERRATA"},"content":{"rendered":"\t\t<div data-elementor-type=\"wp-page\" data-elementor-id=\"1619\" class=\"elementor elementor-1619\">\n\t\t\t\t\t\t<section class=\"elementor-section elementor-top-section elementor-element elementor-element-a1ef086 elementor-section-boxed elementor-section-height-default elementor-section-height-default\" data-id=\"a1ef086\" data-element_type=\"section\" data-e-type=\"section\">\n\t\t\t\t\t\t<div class=\"elementor-container elementor-column-gap-default\">\n\t\t\t\t\t<div class=\"elementor-column elementor-col-100 elementor-top-column elementor-element elementor-element-e64f509\" data-id=\"e64f509\" data-element_type=\"column\" data-e-type=\"column\">\n\t\t\t<div class=\"elementor-widget-wrap elementor-element-populated\">\n\t\t\t\t\t\t<div class=\"elementor-element elementor-element-6f6425c elementor-widget elementor-widget-heading\" data-id=\"6f6425c\" data-element_type=\"widget\" data-e-type=\"widget\" data-widget_type=\"heading.default\">\n\t\t\t\t<div class=\"elementor-widget-container\">\n\t\t\t\t\t<h4 class=\"elementor-heading-title elementor-size-default\">Naknadno uo\u010dene pogre\u0161ke u tekstu.<br><br>Ako \u017eelite prijaviti gre\u0161ku \/problem u tekstu - po\u0161aljite e-mail na: errata@bankabilan.com<br><br>Stranica 95., TABLICA 6-2, redak \"Kupovina strojeva i opreme\", stupac \"1. godina\":\nStoji: 150.000\nTreba biti: 300.000\n(Prijavio: KS, 28.10.2018.)<br><br>\nStranica 101., TABLICA 6-7 PRODAJNE CIJENE, redak \"Su\u0161ena kamilica (preprodaja)\" i redak \"Kod nas osu\u0161ena kamilica\", svi stupci (od 2. godine):\nStoji: 4\nTreba biti: 14\n(J.M., 4.4.2019.)<\/h4>\t\t\t\t<\/div>\n\t\t\t\t<\/div>\n\t\t\t\t\t<\/div>\n\t\t<\/div>\n\t\t\t\t\t<\/div>\n\t\t<\/section>\n\t\t\t\t<section class=\"elementor-section elementor-top-section elementor-element elementor-element-6e2577c elementor-section-boxed elementor-section-height-default elementor-section-height-default\" data-id=\"6e2577c\" data-element_type=\"section\" data-e-type=\"section\">\n\t\t\t\t\t\t<div class=\"elementor-container elementor-column-gap-default\">\n\t\t\t\t\t<div class=\"elementor-column elementor-col-100 elementor-top-column elementor-element elementor-element-6a19dd4\" data-id=\"6a19dd4\" data-element_type=\"column\" data-e-type=\"column\">\n\t\t\t<div class=\"elementor-widget-wrap elementor-element-populated\">\n\t\t\t\t\t\t<div class=\"elementor-element elementor-element-2280939 elementor-widget elementor-widget-spacer\" data-id=\"2280939\" data-element_type=\"widget\" data-e-type=\"widget\" data-widget_type=\"spacer.default\">\n\t\t\t\t<div class=\"elementor-widget-container\">\n\t\t\t\t\t\t\t<div class=\"elementor-spacer\">\n\t\t\t<div class=\"elementor-spacer-inner\"><\/div>\n\t\t<\/div>\n\t\t\t\t\t\t<\/div>\n\t\t\t\t<\/div>\n\t\t\t\t\t<\/div>\n\t\t<\/div>\n\t\t\t\t\t<\/div>\n\t\t<\/section>\n\t\t\t\t<\/div>\n\t\t","protected":false},"excerpt":{"rendered":"<p>Naknadno uo\u010dene pogre\u0161ke u tekstu. Ako \u017eelite prijaviti [&hellip;]<\/p>\n","protected":false},"author":1,"featured_media":0,"parent":0,"menu_order":0,"comment_status":"closed","ping_status":"closed","template":"","meta":{"footnotes":""},"class_list":["post-1619","page","type-page","status-publish","hentry"],"_links":{"self":[{"href":"https:\/\/investicijski-projekti.com\/index.php\/wp-json\/wp\/v2\/pages\/1619"}],"collection":[{"href":"https:\/\/investicijski-projekti.com\/index.php\/wp-json\/wp\/v2\/pages"}],"about":[{"href":"https:\/\/investicijski-projekti.com\/index.php\/wp-json\/wp\/v2\/types\/page"}],"author":[{"embeddable":true,"href":"https:\/\/investicijski-projekti.com\/index.php\/wp-json\/wp\/v2\/users\/1"}],"replies":[{"embeddable":true,"href":"https:\/\/investicijski-projekti.com\/index.php\/wp-json\/wp\/v2\/comments?post=1619"}],"version-history":[{"count":7,"href":"https:\/\/investicijski-projekti.com\/index.php\/wp-json\/wp\/v2\/pages\/1619\/revisions"}],"predecessor-version":[{"id":1626,"href":"https:\/\/investicijski-projekti.com\/index.php\/wp-json\/wp\/v2\/pages\/1619\/revisions\/1626"}],"wp:attachment":[{"href":"https:\/\/investicijski-projekti.com\/index.php\/wp-json\/wp\/v2\/media?parent=1619"}],"curies":[{"name":"wp","href":"https:\/\/api.w.org\/{rel}","templated":true}]}}