{"id":1260,"date":"2024-07-17T19:24:09","date_gmt":"2024-07-17T18:24:09","guid":{"rendered":"https:\/\/investicijski-projekti.com\/?page_id=1260"},"modified":"2024-07-24T22:03:44","modified_gmt":"2024-07-24T21:03:44","slug":"o-prirucniku","status":"publish","type":"page","link":"https:\/\/investicijski-projekti.com\/index.php\/o-prirucniku\/","title":{"rendered":"O PRIRU\u010cNIKU"},"content":{"rendered":"\t\t<div data-elementor-type=\"wp-page\" data-elementor-id=\"1260\" class=\"elementor elementor-1260\">\n\t\t\t\t\t\t<section class=\"elementor-section elementor-top-section elementor-element elementor-element-9054959 elementor-section-boxed elementor-section-height-default elementor-section-height-default\" data-id=\"9054959\" data-element_type=\"section\" data-e-type=\"section\">\n\t\t\t\t\t\t<div class=\"elementor-container elementor-column-gap-default\">\n\t\t\t\t\t<div class=\"elementor-column elementor-col-50 elementor-top-column elementor-element elementor-element-c737145\" data-id=\"c737145\" data-element_type=\"column\" data-e-type=\"column\">\n\t\t\t<div class=\"elementor-widget-wrap elementor-element-populated\">\n\t\t\t\t\t\t<div class=\"elementor-element elementor-element-ad02513 elementor-widget__width-initial elementor-widget elementor-widget-heading\" data-id=\"ad02513\" data-element_type=\"widget\" data-e-type=\"widget\" data-widget_type=\"heading.default\">\n\t\t\t\t<div class=\"elementor-widget-container\">\n\t\t\t\t\t<h4 class=\"elementor-heading-title elementor-size-default\"><br>Priru\u010dnik je nastao kao rezultat seminara i radionica Hrvatskog instituta za financije (HIF, www.hif.hr), odr\u017eanih u razdoblju od 2009. do 2018. godine (Project Finance akademija, Analiza investicijskih projekata, Financijsko modeliranje investicijskih projekata i dr.). Knjiga je izdana u suradnji s visokim u\u010dili\u0161tem EFFECTUS \u2013 studij financije i pravo.\n\nPriru\u010dnik je namijenjen poduzetnicima i njihovim poslovnim savjetnicima. Tekst obiluje prakti\u010dnim savjetima korisnim tijekom pripreme investicijskih projekata, strukturiranja financiranja i ocjene isplativosti, a mo\u017ee poslu\u017eiti i kao ud\u017ebenik studentima koji \u017eele dubinski razumjeti smisao i svrhu pojedinih dijelova analize. \n\nTekst je pisan jednostavnim jezikom, osvr\u0107e se na probleme iz prakse te na \u010desta pitanja koja postavljaju poduzetnici, savjetnici i studenti.\nUz tekst su pripremljeni i primjeri izra\u010duna u MS Excelu, uklju\u010duju\u0107i cjelovit financijski model projekta koji se obra\u0111uje u tekstu (dostupno na www.bankabilan.com).\n<\/h4>\t\t\t\t<\/div>\n\t\t\t\t<\/div>\n\t\t\t\t\t<\/div>\n\t\t<\/div>\n\t\t\t\t<div class=\"elementor-column elementor-col-50 elementor-top-column elementor-element elementor-element-c8f64dc\" data-id=\"c8f64dc\" data-element_type=\"column\" data-e-type=\"column\">\n\t\t\t<div class=\"elementor-widget-wrap elementor-element-populated\">\n\t\t\t\t\t\t<div class=\"elementor-element elementor-element-5bc558a elementor-widget elementor-widget-image\" data-id=\"5bc558a\" data-element_type=\"widget\" data-e-type=\"widget\" data-widget_type=\"image.default\">\n\t\t\t\t<div class=\"elementor-widget-container\">\n\t\t\t\t\t\t\t\t\t\t\t\t\t\t\t<img decoding=\"async\" src=\"https:\/\/investicijski-projekti.com\/wp-content\/uploads\/elementor\/thumbs\/slika-Prirucnik-1-qr9euhj8jx9onga6s9ni1end1ehzkq9k17m9ff1yl4.jpg\" title=\"slika Priru\u010dnik\" alt=\"slika Priru\u010dnik\" loading=\"lazy\" \/>\t\t\t\t\t\t\t\t\t\t\t\t\t\t\t<\/div>\n\t\t\t\t<\/div>\n\t\t\t\t\t<\/div>\n\t\t<\/div>\n\t\t\t\t\t<\/div>\n\t\t<\/section>\n\t\t\t\t<section class=\"elementor-section elementor-top-section elementor-element elementor-element-7a2c22f elementor-section-boxed elementor-section-height-default elementor-section-height-default\" data-id=\"7a2c22f\" data-element_type=\"section\" data-e-type=\"section\">\n\t\t\t\t\t\t<div class=\"elementor-container elementor-column-gap-default\">\n\t\t\t\t\t<div class=\"elementor-column elementor-col-100 elementor-top-column elementor-element elementor-element-7c4d335\" data-id=\"7c4d335\" data-element_type=\"column\" data-e-type=\"column\">\n\t\t\t<div class=\"elementor-widget-wrap elementor-element-populated\">\n\t\t\t\t\t\t<div class=\"elementor-element elementor-element-86ba9a9 elementor-widget elementor-widget-spacer\" data-id=\"86ba9a9\" data-element_type=\"widget\" data-e-type=\"widget\" data-widget_type=\"spacer.default\">\n\t\t\t\t<div class=\"elementor-widget-container\">\n\t\t\t\t\t\t\t<div class=\"elementor-spacer\">\n\t\t\t<div class=\"elementor-spacer-inner\"><\/div>\n\t\t<\/div>\n\t\t\t\t\t\t<\/div>\n\t\t\t\t<\/div>\n\t\t\t\t\t<\/div>\n\t\t<\/div>\n\t\t\t\t\t<\/div>\n\t\t<\/section>\n\t\t\t\t<section class=\"elementor-section elementor-top-section elementor-element elementor-element-1538bb7 elementor-section-boxed elementor-section-height-default elementor-section-height-default\" data-id=\"1538bb7\" data-element_type=\"section\" data-e-type=\"section\">\n\t\t\t\t\t\t<div class=\"elementor-container elementor-column-gap-default\">\n\t\t\t\t\t<div class=\"elementor-column elementor-col-100 elementor-top-column elementor-element elementor-element-589b8c1\" data-id=\"589b8c1\" data-element_type=\"column\" data-e-type=\"column\">\n\t\t\t<div class=\"elementor-widget-wrap elementor-element-populated\">\n\t\t\t\t\t\t<div class=\"elementor-element elementor-element-1c4a58c elementor-widget elementor-widget-spacer\" data-id=\"1c4a58c\" data-element_type=\"widget\" data-e-type=\"widget\" data-widget_type=\"spacer.default\">\n\t\t\t\t<div class=\"elementor-widget-container\">\n\t\t\t\t\t\t\t<div class=\"elementor-spacer\">\n\t\t\t<div class=\"elementor-spacer-inner\"><\/div>\n\t\t<\/div>\n\t\t\t\t\t\t<\/div>\n\t\t\t\t<\/div>\n\t\t\t\t\t<\/div>\n\t\t<\/div>\n\t\t\t\t\t<\/div>\n\t\t<\/section>\n\t\t\t\t<section class=\"elementor-section elementor-top-section elementor-element elementor-element-6e32bf2 elementor-section-boxed elementor-section-height-default elementor-section-height-default\" data-id=\"6e32bf2\" data-element_type=\"section\" data-e-type=\"section\">\n\t\t\t\t\t\t<div class=\"elementor-container elementor-column-gap-default\">\n\t\t\t\t\t<div class=\"elementor-column elementor-col-100 elementor-top-column elementor-element elementor-element-8ed550c\" data-id=\"8ed550c\" data-element_type=\"column\" data-e-type=\"column\">\n\t\t\t<div class=\"elementor-widget-wrap elementor-element-populated\">\n\t\t\t\t\t\t<div class=\"elementor-element elementor-element-c4740b8 elementor-widget elementor-widget-heading\" data-id=\"c4740b8\" data-element_type=\"widget\" data-e-type=\"widget\" data-widget_type=\"heading.default\">\n\t\t\t\t<div class=\"elementor-widget-container\">\n\t\t\t\t\t<h3 class=\"elementor-heading-title elementor-size-default\">EXCEL VJE\u017dBA - FINANCIJSKI MODEL<br><\/h3>\t\t\t\t<\/div>\n\t\t\t\t<\/div>\n\t\t\t\t\t<\/div>\n\t\t<\/div>\n\t\t\t\t\t<\/div>\n\t\t<\/section>\n\t\t\t\t<section class=\"elementor-section elementor-top-section elementor-element elementor-element-e498866 elementor-section-boxed elementor-section-height-default elementor-section-height-default\" data-id=\"e498866\" data-element_type=\"section\" data-e-type=\"section\">\n\t\t\t\t\t\t<div class=\"elementor-container elementor-column-gap-default\">\n\t\t\t\t\t<div class=\"elementor-column elementor-col-100 elementor-top-column elementor-element elementor-element-c274dbf\" data-id=\"c274dbf\" data-element_type=\"column\" data-e-type=\"column\">\n\t\t\t<div class=\"elementor-widget-wrap elementor-element-populated\">\n\t\t\t\t\t\t<div class=\"elementor-element elementor-element-062e696 elementor-widget__width-initial elementor-widget elementor-widget-image\" data-id=\"062e696\" data-element_type=\"widget\" data-e-type=\"widget\" data-widget_type=\"image.default\">\n\t\t\t\t<div class=\"elementor-widget-container\">\n\t\t\t\t\t\t\t\t\t\t\t\t\t\t\t<img fetchpriority=\"high\" decoding=\"async\" width=\"768\" height=\"408\" src=\"https:\/\/investicijski-projekti.com\/wp-content\/uploads\/2024\/07\/Excel-slikapng-1-768x408.png\" class=\"attachment-medium_large size-medium_large wp-image-1413\" alt=\"\" srcset=\"https:\/\/investicijski-projekti.com\/wp-content\/uploads\/2024\/07\/Excel-slikapng-1-768x408.png 768w, https:\/\/investicijski-projekti.com\/wp-content\/uploads\/2024\/07\/Excel-slikapng-1-300x159.png 300w, https:\/\/investicijski-projekti.com\/wp-content\/uploads\/2024\/07\/Excel-slikapng-1-650x345.png 650w, https:\/\/investicijski-projekti.com\/wp-content\/uploads\/2024\/07\/Excel-slikapng-1.png 858w\" sizes=\"(max-width: 768px) 100vw, 768px\" \/>\t\t\t\t\t\t\t\t\t\t\t\t\t\t\t<\/div>\n\t\t\t\t<\/div>\n\t\t\t\t\t<\/div>\n\t\t<\/div>\n\t\t\t\t\t<\/div>\n\t\t<\/section>\n\t\t\t\t<section class=\"elementor-section elementor-top-section elementor-element elementor-element-fee94ef elementor-section-boxed elementor-section-height-default elementor-section-height-default\" data-id=\"fee94ef\" data-element_type=\"section\" data-e-type=\"section\">\n\t\t\t\t\t\t<div class=\"elementor-container elementor-column-gap-default\">\n\t\t\t\t\t<div class=\"elementor-column elementor-col-100 elementor-top-column elementor-element elementor-element-4fa789b\" data-id=\"4fa789b\" data-element_type=\"column\" data-e-type=\"column\">\n\t\t\t<div class=\"elementor-widget-wrap elementor-element-populated\">\n\t\t\t\t\t\t<div class=\"elementor-element elementor-element-7e08016 elementor-align-center elementor-widget elementor-widget-button\" data-id=\"7e08016\" data-element_type=\"widget\" data-e-type=\"widget\" data-widget_type=\"button.default\">\n\t\t\t\t<div class=\"elementor-widget-container\">\n\t\t\t\t\t\t\t\t\t<div class=\"elementor-button-wrapper\">\n\t\t\t\t\t<a class=\"elementor-button elementor-button-link elementor-size-sm\" href=\"https:\/\/investicijski-projekti.com\/wp-content\/uploads\/2024\/07\/Bankabilan_FM_Kamilica-1.xlsx\">\n\t\t\t\t\t\t<span class=\"elementor-button-content-wrapper\">\n\t\t\t\t\t\t<span class=\"elementor-button-icon\">\n\t\t\t\t<i aria-hidden=\"true\" class=\"fas fa-download\"><\/i>\t\t\t<\/span>\n\t\t\t\t\t\t\t\t\t<span class=\"elementor-button-text\">PREUZMI VJE\u017dBU<\/span>\n\t\t\t\t\t<\/span>\n\t\t\t\t\t<\/a>\n\t\t\t\t<\/div>\n\t\t\t\t\t\t\t\t<\/div>\n\t\t\t\t<\/div>\n\t\t\t\t<div class=\"elementor-element elementor-element-c94b81c elementor-widget elementor-widget-spacer\" data-id=\"c94b81c\" data-element_type=\"widget\" data-e-type=\"widget\" data-widget_type=\"spacer.default\">\n\t\t\t\t<div class=\"elementor-widget-container\">\n\t\t\t\t\t\t\t<div class=\"elementor-spacer\">\n\t\t\t<div class=\"elementor-spacer-inner\"><\/div>\n\t\t<\/div>\n\t\t\t\t\t\t<\/div>\n\t\t\t\t<\/div>\n\t\t\t\t\t<\/div>\n\t\t<\/div>\n\t\t\t\t\t<\/div>\n\t\t<\/section>\n\t\t\t\t<section class=\"elementor-section elementor-top-section elementor-element elementor-element-f400781 elementor-section-boxed elementor-section-height-default elementor-section-height-default\" data-id=\"f400781\" data-element_type=\"section\" data-e-type=\"section\">\n\t\t\t\t\t\t<div class=\"elementor-container elementor-column-gap-default\">\n\t\t\t\t\t<div class=\"elementor-column elementor-col-100 elementor-top-column elementor-element elementor-element-d6e1dc5\" data-id=\"d6e1dc5\" data-element_type=\"column\" data-e-type=\"column\">\n\t\t\t<div class=\"elementor-widget-wrap elementor-element-populated\">\n\t\t\t\t\t\t<div class=\"elementor-element elementor-element-349743d elementor-widget elementor-widget-spacer\" data-id=\"349743d\" data-element_type=\"widget\" data-e-type=\"widget\" data-widget_type=\"spacer.default\">\n\t\t\t\t<div class=\"elementor-widget-container\">\n\t\t\t\t\t\t\t<div class=\"elementor-spacer\">\n\t\t\t<div class=\"elementor-spacer-inner\"><\/div>\n\t\t<\/div>\n\t\t\t\t\t\t<\/div>\n\t\t\t\t<\/div>\n\t\t\t\t\t<\/div>\n\t\t<\/div>\n\t\t\t\t\t<\/div>\n\t\t<\/section>\n\t\t\t\t<\/div>\n\t\t","protected":false},"excerpt":{"rendered":"<p>Priru\u010dnik je nastao kao rezultat seminara i radionica [&hellip;]<\/p>\n","protected":false},"author":1,"featured_media":0,"parent":0,"menu_order":0,"comment_status":"closed","ping_status":"closed","template":"","meta":{"footnotes":""},"class_list":["post-1260","page","type-page","status-publish","hentry"],"_links":{"self":[{"href":"https:\/\/investicijski-projekti.com\/index.php\/wp-json\/wp\/v2\/pages\/1260"}],"collection":[{"href":"https:\/\/investicijski-projekti.com\/index.php\/wp-json\/wp\/v2\/pages"}],"about":[{"href":"https:\/\/investicijski-projekti.com\/index.php\/wp-json\/wp\/v2\/types\/page"}],"author":[{"embeddable":true,"href":"https:\/\/investicijski-projekti.com\/index.php\/wp-json\/wp\/v2\/users\/1"}],"replies":[{"embeddable":true,"href":"https:\/\/investicijski-projekti.com\/index.php\/wp-json\/wp\/v2\/comments?post=1260"}],"version-history":[{"count":47,"href":"https:\/\/investicijski-projekti.com\/index.php\/wp-json\/wp\/v2\/pages\/1260\/revisions"}],"predecessor-version":[{"id":1602,"href":"https:\/\/investicijski-projekti.com\/index.php\/wp-json\/wp\/v2\/pages\/1260\/revisions\/1602"}],"wp:attachment":[{"href":"https:\/\/investicijski-projekti.com\/index.php\/wp-json\/wp\/v2\/media?parent=1260"}],"curies":[{"name":"wp","href":"https:\/\/api.w.org\/{rel}","templated":true}]}}