{"id":1258,"date":"2024-07-17T19:23:36","date_gmt":"2024-07-17T18:23:36","guid":{"rendered":"https:\/\/investicijski-projekti.com\/?page_id=1258"},"modified":"2025-02-26T13:32:57","modified_gmt":"2025-02-26T12:32:57","slug":"o-autoru","status":"publish","type":"page","link":"https:\/\/investicijski-projekti.com\/index.php\/o-autoru\/","title":{"rendered":"O AUTORU"},"content":{"rendered":"\t\t<div data-elementor-type=\"wp-page\" data-elementor-id=\"1258\" class=\"elementor elementor-1258\">\n\t\t\t\t\t\t<section class=\"elementor-section elementor-top-section elementor-element elementor-element-2aee578 elementor-section-boxed elementor-section-height-default elementor-section-height-default\" data-id=\"2aee578\" data-element_type=\"section\" data-e-type=\"section\">\n\t\t\t\t\t\t<div class=\"elementor-container elementor-column-gap-default\">\n\t\t\t\t\t<div class=\"elementor-column elementor-col-50 elementor-top-column elementor-element elementor-element-101d3c1\" data-id=\"101d3c1\" data-element_type=\"column\" data-e-type=\"column\">\n\t\t\t<div class=\"elementor-widget-wrap elementor-element-populated\">\n\t\t\t\t\t\t<div class=\"elementor-element elementor-element-6a2be5f elementor-widget__width-initial elementor-widget elementor-widget-image\" data-id=\"6a2be5f\" data-element_type=\"widget\" data-e-type=\"widget\" data-widget_type=\"image.default\">\n\t\t\t\t<div class=\"elementor-widget-container\">\n\t\t\t\t\t\t\t\t\t\t\t\t\t\t\t<img decoding=\"async\" src=\"https:\/\/investicijski-projekti.com\/wp-content\/uploads\/elementor\/thumbs\/slika-Edin-qrbpth3sgaa2v4z377ydorhauxmolmy4qmxthb5268.jpg\" title=\"slika Edin\" alt=\"slika Edin\" loading=\"lazy\" \/>\t\t\t\t\t\t\t\t\t\t\t\t\t\t\t<\/div>\n\t\t\t\t<\/div>\n\t\t\t\t<div class=\"elementor-element elementor-element-0e5813f elementor-widget elementor-widget-heading\" data-id=\"0e5813f\" data-element_type=\"widget\" data-e-type=\"widget\" data-widget_type=\"heading.default\">\n\t\t\t\t<div class=\"elementor-widget-container\">\n\t\t\t\t\t<h3 class=\"elementor-heading-title elementor-size-default\"><br><i>Edin Had\u017eavdi\u0107<\/i><\/h3>\t\t\t\t<\/div>\n\t\t\t\t<\/div>\n\t\t\t\t\t<\/div>\n\t\t<\/div>\n\t\t\t\t<div class=\"elementor-column elementor-col-50 elementor-top-column elementor-element elementor-element-9180669\" data-id=\"9180669\" data-element_type=\"column\" data-e-type=\"column\">\n\t\t\t<div class=\"elementor-widget-wrap elementor-element-populated\">\n\t\t\t\t\t\t<div class=\"elementor-element elementor-element-6ba4964 elementor-widget elementor-widget-heading\" data-id=\"6ba4964\" data-element_type=\"widget\" data-e-type=\"widget\" data-widget_type=\"heading.default\">\n\t\t\t\t<div class=\"elementor-widget-container\">\n\t\t\t\t\t<h4 class=\"elementor-heading-title elementor-size-default\">Edin Had\u017eavdi\u0107 je predava\u010d na Hrvatskom institutu za financije. Analizom investicijskih projekata i projektnim financiranjem bavi se od 2007. godine.<br><br>Savjetnik je s vi\u0161e od 25 godina iskustva u poslovnom savjetovanju, projektnom financiranju, financijskom modeliranju i procjeni bankabilnosti investicijskih projekata te analizi i upravljanju rizicima. <br><br>Karijeru je zapo\u010deo u jednoj od najve\u0107ih hrvatskih IT tvrtki (IN2), nakon \u010dega je radio u Odjelu tr\u017ei\u0161nih rizika u Privrednoj banci Zagreb, potom kao poslovni savjetnik u KPMG Croatia te u FIMA FAS. 2016. godine postao je stru\u010dni evaluator za EU Horizon 2020 (SME Instrument, faza I i faza II, prijedlozi vezani za obnovljive izvore energije, energetsku u\u010dinkovitost i inovacije). <br>Do 2022. radio je u dru\u0161tvu za upravljanje fondovima rizi\u010dnog kapitala (Invera Private Equity Partneri \/ Invera Private Equity Fund, u \u010dijem je osnivanju sudjelovao).\n<\/h4>\t\t\t\t<\/div>\n\t\t\t\t<\/div>\n\t\t\t\t\t<\/div>\n\t\t<\/div>\n\t\t\t\t\t<\/div>\n\t\t<\/section>\n\t\t\t\t<section class=\"elementor-section elementor-top-section elementor-element elementor-element-f1fd56b elementor-section-boxed elementor-section-height-default elementor-section-height-default\" data-id=\"f1fd56b\" data-element_type=\"section\" data-e-type=\"section\">\n\t\t\t\t\t\t<div class=\"elementor-container elementor-column-gap-default\">\n\t\t\t\t\t<div class=\"elementor-column elementor-col-100 elementor-top-column elementor-element elementor-element-de4e5f3\" data-id=\"de4e5f3\" data-element_type=\"column\" data-e-type=\"column\">\n\t\t\t<div class=\"elementor-widget-wrap elementor-element-populated\">\n\t\t\t\t\t\t<div class=\"elementor-element elementor-element-bd848e7 elementor-widget elementor-widget-spacer\" data-id=\"bd848e7\" data-element_type=\"widget\" data-e-type=\"widget\" data-widget_type=\"spacer.default\">\n\t\t\t\t<div class=\"elementor-widget-container\">\n\t\t\t\t\t\t\t<div class=\"elementor-spacer\">\n\t\t\t<div class=\"elementor-spacer-inner\"><\/div>\n\t\t<\/div>\n\t\t\t\t\t\t<\/div>\n\t\t\t\t<\/div>\n\t\t\t\t<div class=\"elementor-element elementor-element-bc167ae ui-e-a-animate elementor-widget elementor-widget-highlighted-text\" data-id=\"bc167ae\" data-element_type=\"widget\" data-e-type=\"widget\" data-widget_type=\"highlighted-text.default\">\n\t\t\t\t<div class=\"elementor-widget-container\">\n\t\t\t\t\t\t\t<h4 class=\"ui-e--highlighted-text\" >\n        <span class=\"ui-e-headline-text ui-e-headline-stroke4\">\n\t\t\t\t<span class=\"ui-e-headline-text ui-e-headline-highlighted\"><\/span>\n\t\t\t\t<span class=\"uicore-svg-wrapper\"><svg xmlns=\"http:\/\/www.w3.org\/2000\/svg\" viewBox=\"0 0 500 150\" preserveAspectRatio=\"none\"><path d='M18,122.6c42.3-4.6,87.4-5.1,130.3-1.6'\/>\n\t\t\t\t<path d='M166.7,121.3c29.6,1.6,60,3.3,90.1,1.8c12.4-0.5,24.8-1.6,36.9-2.7c7.3-0.7,14.8-1.3,22.3-1.8\n\t\t\t\tc55.5-4.2,112.6-1.8,166,1.1'\/>\n\t\t\t\t<path d='M57.8,133c30.8-0.7,62,1.1,92.1,2.7c30.5,1.8,62,3.6,93.2,2.7c20.4-0.5,41.1-2.4,61.1-4\n\t\t\t\t\tc37.6-3.1,76.5-6.4,113.7-2'\/><\/svg><\/span><\/span>         <\/h4>\n        \t\t\t\t<\/div>\n\t\t\t\t<\/div>\n\t\t\t\t\t<\/div>\n\t\t<\/div>\n\t\t\t\t\t<\/div>\n\t\t<\/section>\n\t\t\t\t<section class=\"elementor-section elementor-top-section elementor-element elementor-element-54e7b95 elementor-section-boxed elementor-section-height-default elementor-section-height-default\" data-id=\"54e7b95\" data-element_type=\"section\" data-e-type=\"section\">\n\t\t\t\t\t\t<div class=\"elementor-container elementor-column-gap-default\">\n\t\t\t\t\t<div class=\"elementor-column elementor-col-50 elementor-top-column elementor-element elementor-element-e6d2382\" data-id=\"e6d2382\" data-element_type=\"column\" data-e-type=\"column\">\n\t\t\t<div class=\"elementor-widget-wrap elementor-element-populated\">\n\t\t\t\t\t\t<div class=\"elementor-element elementor-element-7b90eaa elementor-widget elementor-widget-image\" data-id=\"7b90eaa\" data-element_type=\"widget\" data-e-type=\"widget\" data-widget_type=\"image.default\">\n\t\t\t\t<div class=\"elementor-widget-container\">\n\t\t\t\t\t\t\t\t\t\t\t\t\t\t\t<img decoding=\"async\" src=\"https:\/\/investicijski-projekti.com\/wp-content\/uploads\/elementor\/thumbs\/slika-Prirucnik-1-qr9euhj5mo5obncxusw8fpla5xxvimknbf40n3dngw.jpg\" title=\"slika Priru\u010dnik\" alt=\"slika Priru\u010dnik\" loading=\"lazy\" \/>\t\t\t\t\t\t\t\t\t\t\t\t\t\t\t<\/div>\n\t\t\t\t<\/div>\n\t\t\t\t\t<\/div>\n\t\t<\/div>\n\t\t\t\t<div class=\"elementor-column elementor-col-50 elementor-top-column elementor-element elementor-element-2cf5d90\" data-id=\"2cf5d90\" data-element_type=\"column\" data-e-type=\"column\">\n\t\t\t<div class=\"elementor-widget-wrap elementor-element-populated\">\n\t\t\t\t\t\t<div class=\"elementor-element elementor-element-e7093a3 elementor-widget elementor-widget-heading\" data-id=\"e7093a3\" data-element_type=\"widget\" data-e-type=\"widget\" data-widget_type=\"heading.default\">\n\t\t\t\t<div class=\"elementor-widget-container\">\n\t\t\t\t\t<h4 class=\"elementor-heading-title elementor-size-default\">Autor ima veliko iskustvo u provedbi edukacija u podru\u010dju analize investicijskih projekata te je jedan od najbolje ocjenjivanih predava\u010da na Hrvatskom institutu za financije (HIF), na kojem predaje od 2009. godine. Knjiga\/priru\u010dnik \u201cPripremite svoj bankabilan projekt\u201d izdana je 2018. godine.<br><br>Diplomirao je i magistrirao na Fakultetu elektrotehnike i ra\u010dunarstva u Zagrebu, nakon \u010dega je, 2002. godine, zavr\u0161io MBA program na Rotterdam School of Management, a 2007. godine stekao je CFA titulu (Chartered Financial Analyst). Svoje interese pro\u0161iruje studijem Etnologije i kulturne antropologije koji je zapo\u010deo 2021. godine na Filozofskom fakultetu u Zagrebu.\n<\/h4>\t\t\t\t<\/div>\n\t\t\t\t<\/div>\n\t\t\t\t\t<\/div>\n\t\t<\/div>\n\t\t\t\t\t<\/div>\n\t\t<\/section>\n\t\t\t\t<section class=\"elementor-section elementor-top-section elementor-element elementor-element-35a6f96 elementor-section-boxed elementor-section-height-default elementor-section-height-default\" data-id=\"35a6f96\" data-element_type=\"section\" data-e-type=\"section\">\n\t\t\t\t\t\t<div class=\"elementor-container elementor-column-gap-default\">\n\t\t\t\t\t<div class=\"elementor-column elementor-col-100 elementor-top-column elementor-element elementor-element-360c779\" data-id=\"360c779\" data-element_type=\"column\" data-e-type=\"column\">\n\t\t\t<div class=\"elementor-widget-wrap elementor-element-populated\">\n\t\t\t\t\t\t<div class=\"elementor-element elementor-element-45750a5 elementor-widget elementor-widget-spacer\" data-id=\"45750a5\" data-element_type=\"widget\" data-e-type=\"widget\" data-widget_type=\"spacer.default\">\n\t\t\t\t<div class=\"elementor-widget-container\">\n\t\t\t\t\t\t\t<div class=\"elementor-spacer\">\n\t\t\t<div class=\"elementor-spacer-inner\"><\/div>\n\t\t<\/div>\n\t\t\t\t\t\t<\/div>\n\t\t\t\t<\/div>\n\t\t\t\t<div class=\"elementor-element elementor-element-f4b2314 elementor-widget elementor-widget-spacer\" data-id=\"f4b2314\" data-element_type=\"widget\" data-e-type=\"widget\" data-widget_type=\"spacer.default\">\n\t\t\t\t<div class=\"elementor-widget-container\">\n\t\t\t\t\t\t\t<div class=\"elementor-spacer\">\n\t\t\t<div class=\"elementor-spacer-inner\"><\/div>\n\t\t<\/div>\n\t\t\t\t\t\t<\/div>\n\t\t\t\t<\/div>\n\t\t\t\t\t<\/div>\n\t\t<\/div>\n\t\t\t\t\t<\/div>\n\t\t<\/section>\n\t\t\t\t<section class=\"elementor-section elementor-top-section elementor-element elementor-element-eb9d4b5 elementor-section-boxed elementor-section-height-default elementor-section-height-default\" data-id=\"eb9d4b5\" data-element_type=\"section\" data-e-type=\"section\">\n\t\t\t\t\t\t<div class=\"elementor-container elementor-column-gap-default\">\n\t\t\t\t\t<div class=\"elementor-column elementor-col-100 elementor-top-column elementor-element elementor-element-3b998a5\" data-id=\"3b998a5\" data-element_type=\"column\" data-e-type=\"column\">\n\t\t\t<div class=\"elementor-widget-wrap\">\n\t\t\t\t\t\t\t<\/div>\n\t\t<\/div>\n\t\t\t\t\t<\/div>\n\t\t<\/section>\n\t\t\t\t<\/div>\n\t\t","protected":false},"excerpt":{"rendered":"<p>Edin Had\u017eavdi\u0107 Edin Had\u017eavdi\u0107 je predava\u010d na Hrvatskom [&hellip;]<\/p>\n","protected":false},"author":1,"featured_media":0,"parent":0,"menu_order":0,"comment_status":"closed","ping_status":"closed","template":"","meta":{"footnotes":""},"class_list":["post-1258","page","type-page","status-publish","hentry"],"_links":{"self":[{"href":"https:\/\/investicijski-projekti.com\/index.php\/wp-json\/wp\/v2\/pages\/1258"}],"collection":[{"href":"https:\/\/investicijski-projekti.com\/index.php\/wp-json\/wp\/v2\/pages"}],"about":[{"href":"https:\/\/investicijski-projekti.com\/index.php\/wp-json\/wp\/v2\/types\/page"}],"author":[{"embeddable":true,"href":"https:\/\/investicijski-projekti.com\/index.php\/wp-json\/wp\/v2\/users\/1"}],"replies":[{"embeddable":true,"href":"https:\/\/investicijski-projekti.com\/index.php\/wp-json\/wp\/v2\/comments?post=1258"}],"version-history":[{"count":107,"href":"https:\/\/investicijski-projekti.com\/index.php\/wp-json\/wp\/v2\/pages\/1258\/revisions"}],"predecessor-version":[{"id":1636,"href":"https:\/\/investicijski-projekti.com\/index.php\/wp-json\/wp\/v2\/pages\/1258\/revisions\/1636"}],"wp:attachment":[{"href":"https:\/\/investicijski-projekti.com\/index.php\/wp-json\/wp\/v2\/media?parent=1258"}],"curies":[{"name":"wp","href":"https:\/\/api.w.org\/{rel}","templated":true}]}}